{"id":7486,"date":"2023-10-23T20:43:31","date_gmt":"2023-10-23T18:43:31","guid":{"rendered":"https:\/\/forevercountry.fr\/?post_type=product&#038;p=7486"},"modified":"2025-10-13T18:48:59","modified_gmt":"2025-10-13T16:48:59","slug":"sac-a-dos-forever-country","status":"publish","type":"product","link":"https:\/\/forevercountry.fr\/index.php\/produit\/sac-a-dos-forever-country\/","title":{"rendered":"Sac \u00e0 Dos &#8211; \u00ab\u00a0Forever Country\u00a0\u00bb"},"content":{"rendered":"<p>Sac \u00e0 Dos s\u00e9rigraphi\u00e9<\/p>\n","protected":false},"excerpt":{"rendered":"<p>Sac \u00e0 Dos s\u00e9rigraphi\u00e9<\/p>\n","protected":false},"featured_media":7573,"comment_status":"closed","ping_status":"closed","template":"","meta":[],"product_brand":[],"product_cat":[128],"product_tag":[],"class_list":{"0":"post-7486","1":"product","2":"type-product","3":"status-publish","4":"has-post-thumbnail","6":"product_cat-goodies","7":"post-preview","9":"first","10":"instock","11":"shipping-taxable","12":"purchasable","13":"product-type-simple"},"_links":{"self":[{"href":"https:\/\/forevercountry.fr\/index.php\/wp-json\/wp\/v2\/product\/7486","targetHints":{"allow":["GET"]}}],"collection":[{"href":"https:\/\/forevercountry.fr\/index.php\/wp-json\/wp\/v2\/product"}],"about":[{"href":"https:\/\/forevercountry.fr\/index.php\/wp-json\/wp\/v2\/types\/product"}],"replies":[{"embeddable":true,"href":"https:\/\/forevercountry.fr\/index.php\/wp-json\/wp\/v2\/comments?post=7486"}],"wp:featuredmedia":[{"embeddable":true,"href":"https:\/\/forevercountry.fr\/index.php\/wp-json\/wp\/v2\/media\/7573"}],"wp:attachment":[{"href":"https:\/\/forevercountry.fr\/index.php\/wp-json\/wp\/v2\/media?parent=7486"}],"wp:term":[{"taxonomy":"product_brand","embeddable":true,"href":"https:\/\/forevercountry.fr\/index.php\/wp-json\/wp\/v2\/product_brand?post=7486"},{"taxonomy":"product_cat","embeddable":true,"href":"https:\/\/forevercountry.fr\/index.php\/wp-json\/wp\/v2\/product_cat?post=7486"},{"taxonomy":"product_tag","embeddable":true,"href":"https:\/\/forevercountry.fr\/index.php\/wp-json\/wp\/v2\/product_tag?post=7486"}],"curies":[{"name":"wp","href":"https:\/\/api.w.org\/{rel}","templated":true}]}}